{"id":580,"date":"2025-10-20T10:29:22","date_gmt":"2025-10-20T10:29:22","guid":{"rendered":"https:\/\/unburnt.ch\/?page_id=580"},"modified":"2025-10-20T10:30:45","modified_gmt":"2025-10-20T10:30:45","slug":"agb","status":"publish","type":"page","link":"https:\/\/unburnt.ch\/en\/agb\/","title":{"rendered":"Terms and Conditions"},"content":{"rendered":"<p><strong>Allgemeine Gesch\u00e4ftsbedingungen AGB<\/strong><\/p>\n\n\n\n<p><strong>1. Allgemein<\/strong><\/p>\n\n\n\n<p>Mit der m\u00fcndlichen oder schriftlichen Bestellung anerkennt der Kunde, nachfolgend aufgrund der vereinfachten Leserlichkeit Klient genannt, die Verbindlichkeit aller nachstehenden Bedingungen. Anders lautende Lieferungs-, Zahlungs- oder Einkaufsbedingungen als die vorliegenden haben nur dann G\u00fcltigkeit, wenn sie von uns best\u00e4tigt sind. Unsere Bedingungen gelten auch f\u00fcr alle zuk\u00fcnftigen Gesch\u00e4fte mit demselben Kunden, ohne dass die Bedingungen noch einmal \u00fcbersandt werden. Spezielle Vereinbarungen sind nur verbindlich, sofern wir diese schriftlich best\u00e4tigen. Diese Bedingungen gelten ab dem 20. Oktober 2025 und ersetzen alle unsere bisherigen Vertragsbedingungen.<\/p>\n\n\n\n<p>\u200bDiese Allgemeinen Gesch\u00e4ftsbedingungen (AGB) sind integrierender Bestandteil aller Offerten, Auftragsbest\u00e4tigungen und Bestellungen von Unburnt by Cornelia G\u00fcrtler im Zusammenhang mit den Online- oder Offline-Dienstleistungen. Ohne ausdr\u00fcckliche schriftliche Vereinbarung werden abweichende AGB, Vertr\u00e4ge oder Abreden zwischen den Parteien nicht Vertragsbestandteil.<\/p>\n\n\n\n<p>\u200b<\/p>\n\n\n\n<p><strong>2. Vertragsschluss<\/strong><\/p>\n\n\n\n<p>Ein rechtsg\u00fcltiger Vertrag kommt zwischen dem Klienten von Unburnt by Cornelia G\u00fcrtler zustande, indem der Klient eine der Dienstleistungen bestellt bzw. terminiert und Unburnt by Cornelia G\u00fcrtler dem Klienten die Dienstleistung on- und offline zur Verf\u00fcgung stellt.<\/p>\n\n\n\n<p>\u200bF\u00fcr Einzelklienten in den Coachings und Beratungen gelten die Rechte und Pflichten gem\u00e4ss OR Schweiz, der Vertrag entsteht durch die Terminierung der Dienstleistung.<\/p>\n\n\n\n<p>\u200bVertr\u00e4ge f\u00fcr Workshops entstehen durch die Unterzeichnung der Klientenkartei und\/oder des Anmeldeformulars, bei Unternehmen durch die Annahme der Offerte.<\/p>\n\n\n\n<p>\u200bIm Falle von technischen Schwierigkeiten beim Kauf eines Online-Angebots wenden Sie sich bitte an die aufgef\u00fchrte E-Mail-Adresse <a href=\"mailto:info@unburnt.ch\">info@unburnt.ch<\/a>.<\/p>\n\n\n\n<p>\u200bUnburnt by Cornelia G\u00fcrtler bietet hierbei kostenlosen technischen Support an. Daraus kann jedoch kein rechtlicher Anspruch abgeleitet werden. Bitte nehmen Sie mit uns, ausschliesslich per E-Mail Kontakt auf. Unburnt by Cornelia G\u00fcrtler ist bestrebt Kundenanliegen schnellstm\u00f6glich zu beantworten. Wir werden jede Anfrage innerhalb von max. 5 Arbeitstagen bearbeiten.<\/p>\n\n\n\n<p>\u200b<\/p>\n\n\n\n<p><strong>3. Zahlungsbedingungen<\/strong><\/p>\n\n\n\n<p>Grunds\u00e4tzlich gelten die durch uns best\u00e4tigten Zahlungsbedingungen als verbindlich. Nach Ablauf der Zahlungsfrist befindet sich der Klient automatisch in Verzug. Bei Zahlungsverzug werden dem Kunden alle Folgekosten, sowie ein Verzugszins von 5% p.a. ab 1. Tag nach Ablauf der Zahlungsfrist ab Rechnungsdatum ohne Mahnung berechnet.<\/p>\n\n\n\n<p>Der Klient darf Zahlungen wegen Beanstandungen und anderen Gegenanspr\u00fcchen nicht zur\u00fcckhalten. Mahnungs- und Betreibungsgeb\u00fchren f\u00fcr verfallene Rechnungen werden dem Klienten zus\u00e4tzlich in Rechnung gestellt.<\/p>\n\n\n\n<p>Versp\u00e4tet sich der Klient mehr als 15 Minuten, so wird ab den 15 Minuten die Wartezeit mit verrechnet. Der Klient ist nicht berechtigt, Zahlungen zur\u00fcckzuhalten, sofern ihm nicht ein gesetzliches Zur\u00fcckbehaltungsrecht zusteht.<\/p>\n\n\n\n<p>\u200b<\/p>\n\n\n\n<p><strong>Coachings und Beratungen:<\/strong><\/p>\n\n\n\n<p>Es gilt die Zahlungsfrist von 30 Tagen ab Rechnungsdatum.<\/p>\n\n\n\n<p>\u200b<\/p>\n\n\n\n<p><strong>Workshops &amp; Events:<\/strong><\/p>\n\n\n\n<p>Hier gilt die Zahlungsfrist von 30 Tagen ab Rechnungsdatum, es besteht die M\u00f6glichkeit zur Ratenzahlung. Eine m\u00f6gliche Ratenzahlung wird erst aufgrund einer schriftlichen und von Unburnt by Cornelia G\u00fcrtler unterzeichneten Zahlungsvereinbarung g\u00fcltig. Grunds\u00e4tzlich gilt die Einmalzahlung.<\/p>\n\n\n\n<p>\u200b<\/p>\n\n\n\n<p><strong>Online-Kurse:<\/strong><\/p>\n\n\n\n<p>Alle Preise sind in Schweizer Franken gehalten und werden ausschliesslich in dieser W\u00e4hrung abgewickelt.<\/p>\n\n\n\n<p>Unburnt by Cornelia G\u00fcrtler kann sich Diensten von Drittunternehmen bedienen, um Zahlungsvorg\u00e4nge abzuwickeln. Sofern dies geschieht, wird das jeweils beauftragte Unternehmen im Bestellprozess bezeichnet, z.B. PayPal oder Digistore24. Zus\u00e4tzlich zu den allgemeinen Gesch\u00e4ftsbedingungen von Unburnt by Cornelia G\u00fcrtler gelten dann die AGB des beauftragten Unternehmens.<\/p>\n\n\n\n<p>\u200b<\/p>\n\n\n\n<p><strong>4. Pauschalpreise \/ MWST<\/strong><\/p>\n\n\n\n<p>Unburnt by Cornelia G\u00fcrtler arbeitet ausschliesslich mit den ver\u00f6ffentlichten Preisen, diese verstehen sich immer ohne die Mehrwertsteuer.<\/p>\n\n\n\n<p>\u200b<\/p>\n\n\n\n<p><strong>5. R\u00fccktritt \/ Widerrufsrecht<\/strong><\/p>\n\n\n\n<p>\u200b<\/p>\n\n\n\n<p><strong>Coachings \/ Beratungen:<\/strong><\/p>\n\n\n\n<p>Wird der Klient nach Vertragsabschluss zahlungsunf\u00e4hig so ist es Unburnt by Cornelia G\u00fcrtler m\u00f6glich auf weitere Dienstleistungen zu verzichten bis hin zur Begleichung der offenen Zahlungen. Es besteht kein Recht auf Widerruf oder auf eine Preisminderung. Bei R\u00fccktritt bzw. Austritt wird der vertraglich geltende Betrag vollumf\u00e4nglich geschuldet.<\/p>\n\n\n\n<p>\u200b<\/p>\n\n\n\n<p><strong>Workshops und Events:<\/strong><\/p>\n\n\n\n<p>Absagen bzw. R\u00fccktritte sind wie folgt geregelt: Erfolgt die Absage bis zu 14 Tage vor dem Beginn ist der Preis f\u00fcr den Workshop\/Event nicht geschuldet. Erh\u00e4lt Unburnt by Cornelia G\u00fcrtler die Absage innerhalb von 7 Tagen vor der Durchf\u00fchrung, so gilt 1\/4 des Betrags als geschuldet. Erfolgt die Absage\/Abbruch innerhalb der letzten 48 Stunden vor dem Start des Workshop\u2019s bzw. Event&#8217;s oder zu jedem weiteren sp\u00e4teren Zeitpunkt so gilt der gesamte Betrag als f\u00e4llig.<\/p>\n\n\n\n<p>In F\u00e4llen in denen die Teilnahme aufgrund von gesundheitlichen Ausf\u00e4llen verunm\u00f6glicht wird, ist Unburnt by Cornelia G\u00fcrtler jederzeit daran interessiert, ihr bereits investiertes Kapital in eine f\u00fcr Sie individuelle L\u00f6sung umzuwandeln.<\/p>\n\n\n\n<p>\u200b<\/p>\n\n\n\n<p><strong>Online-Kurse:<\/strong><\/p>\n\n\n\n<p>Sobald die Dienstleistung dem Klienten online zur Verf\u00fcgung gestellt wurde, kann der Vertrag nicht r\u00fcckgewickelt werden. Ein Widerrufsrecht besteht in diesem Fall nicht.<\/p>\n\n\n\n<p>Beratungs- Coachingleistungen sind vom R\u00fcckgaberecht grunds\u00e4tzlich ausgeschlossen. Widerrufsbelehrung des Zahlungsabwicklers Digistore24 sind somit nicht g\u00fcltig.<\/p>\n\n\n\n<p>\u200b<\/p>\n\n\n\n<p><strong>Widerrufs- und R\u00fccktrittsfolgen:<\/strong><\/p>\n\n\n\n<p>Dem Klienten ist nicht gestattet die geteilten Inhalte sowie Konzepte und Strategien ganzheitlich oder teilweise anzuwenden. Schriftliche Unterlagen, sowie Workbooks sind umgehend an Unburnt by Cornelia G\u00fcrtler zu retournieren. Digitale Dateien sind von s\u00e4mtlichen Speichern zu l\u00f6schen.<\/p>\n\n\n\n<p>\u200b<\/p>\n\n\n\n<p><strong>6. Inhalte und Links<\/strong><\/p>\n\n\n\n<p>Unburnt by Cornelia G\u00fcrtler \u00fcbernimmt keine Gew\u00e4hrleistung f\u00fcr die sachliche\/inhaltliche Korrektheit, Vollst\u00e4ndigkeit, Zuverl\u00e4ssigkeit oder Qualit\u00e4t der publizierten oder \u00fcbermittelten Informationen.<\/p>\n\n\n\n<p>\u200bHaftungsanspr\u00fcche gegen Unburnt by Cornelia G\u00fcrtler, die durch die Nutzung oder Nichtnutzung der dargebotenen Informationen bzw. durch die Nutzung fehlerhafter und unvollst\u00e4ndiger Informationen verursacht wurden, sind ausgeschlossen.<\/p>\n\n\n\n<p>Alle Angebote sind freibleibend und unverbindlich. Der Autor beh\u00e4lt es sich ausdr\u00fccklich vor, Teile der Seiten oder das gesamte Angebot ohne gesonderte Ank\u00fcndigung zu ver\u00e4ndern, zu erg\u00e4nzen, zu l\u00f6schen oder die Ver\u00f6ffentlichung zeitweise oder endg\u00fcltig einzustellen.<\/p>\n\n\n\n<p>\u200bUnburnt by Cornelia G\u00fcrtler stellt dem Klienten Links auf Drittseiten und \/ oder Partnerangebote zur Verf\u00fcgung. Bei direkten oder indirekten Verweisen auf fremde Internetseiten ist jegliche Haftung von Unburnt by Cornelia G\u00fcrtler ausgeschlossen. Im \u00dcbrigen gelten die jeweiligen allgemeinen Gesch\u00e4ftsbedingungen der Betreiber der verlinkten Drittseiten \/ Partnerangebote.<\/p>\n\n\n\n<p>\u200b<\/p>\n\n\n\n<p><strong>7. Urheber und Kennzeichenrecht<\/strong><\/p>\n\n\n\n<p>Alle Urheber-, Nutzungs- und sonstigen Schutzrechte an dem Audio- und Videomaterial, Unterlagen sowie den Inhalten s\u00e4mtlicher Dienstleistungen verbleiben bei Unburnt by Cornelia G\u00fcrtler. Der Nutzer darf die Inhalte nur zu eigenen, privaten Zwecken nutzen und ist nicht berechtigt, sie im Internet oder auf sonstige Weise Dritten zur Verf\u00fcgung zu stellen, sei es entgeltlich oder unentgeltlich, sofern der Zweck des Materials dies nicht gebietet. Die gewerbliche Vervielf\u00e4ltigung der Inhalte ist ausdr\u00fccklich ausgeschlossen.<\/p>\n\n\n\n<p>\u200b<\/p>\n\n\n\n<p>Copyright-, Urheber- und Branding, von Unburnt by Cornelia G\u00fcrtler d\u00fcrfen von den Dienstleistungen nicht entfernt werden.<\/p>\n\n\n\n<p>Unburnt by Cornelia G\u00fcrtler ist bestrebt, in allen Publikationen die Urheberrechte der verwendeten Bilder, Grafiken, Tondokumente, Videosequenzen und Texte zu beachten, von Unburnt by Cornelia G\u00fcrtler selbst erstellte Bilder, Fotos, Grafiken, Tondokumente, Videosequenzen und Texte zu nutzen oder auf lizenzfreie Grafiken, Tondokumente, Videosequenzen und Texte zur\u00fcckzugreifen. Alle innerhalb des Internetangebotes genannten und ggf. durch Dritte gesch\u00fctzten Marken- und Warenzeichen unterliegen uneingeschr\u00e4nkt den Bestimmungen des jeweils g\u00fcltigen Kennzeichenrechts und den Besitzrechten der jeweiligen eingetragenen Eigent\u00fcmer.<\/p>\n\n\n\n<p>\u200b<\/p>\n\n\n\n<p><strong>8. Gew\u00e4hrleistung \/ Haftung<\/strong><\/p>\n\n\n\n<p>Unburnt by Cornelia G\u00fcrtler kann keine Gew\u00e4hr daf\u00fcr \u00fcbernehmen, dass die Inhalte f\u00fcr die konkreten und individuellen Bed\u00fcrfnisse des Klienten richtig und passend sind.<\/p>\n\n\n\n<p>\u200bDer Klient w\u00e4hlt die Inhalte eigenverantwortlich aus und verwendet diese entsprechend. Unburnt by Cornelia G\u00fcrtler ist von der Haftung f\u00fcr die falsche Verwendung der Inhalte und Dienstleistungen ausgeschlossen.<\/p>\n\n\n\n<p>\u200bS\u00e4mtliche Dienstleistungen und Inhalte dienen ausschliesslich als Anhaltspunkte und ersetzen keinesfalls eine fachkundige, medizinische und \/ oder psychologische bzw. psychiatrische Beratung. Der Kunde wird deshalb erforderlichenfalls medizinischen oder psychologischen Rat einholen, bevor er die Inhalte und Dienstleistungen verwendet. Coaching ist in jedem Fall von jeglicher Haftung, die durch einen materiellen oder immateriellen Schaden, der dem Kunden oder Dritten durch die Anwendung der Inhalte oder Dienstleistungen entstehen k\u00f6nnte, ausgeschlossen.<\/p>\n\n\n\n<p>\u200bUnburnt by Cornelia G\u00fcrtler ist keinesfalls haftbar zu machen f\u00fcr das Handeln der Klienten\/Klientinnen. Unburnt by Cornelia G\u00fcrtler beh\u00e4lt sich das Recht vor Prozesse zu unterbrechen, sofern sich fach\u00e4rztliche Betreuung als notwendig erweist. In diesen F\u00e4llen empfiehlt Unburnt by Cornelia G\u00fcrtler einen Termin beim jeweiligen Sachverst\u00e4ndigen auszumachen und sich nach diesem Termin wieder zu melden.<\/p>\n\n\n\n<p>\u200bIm \u00dcbrigen gelten die gesetzlichen Gew\u00e4hrleistungsvorschriften gem\u00e4ss OR.<\/p>\n\n\n\n<p>Unter h\u00f6here Gewalten fallen Streiks, Pande- oder Epidemien, Krankheiten, Unf\u00e4lle, Kriege, Naturkatastrophen und weitere unvorhersehbare Ereignisse.<\/p>\n\n\n\n<p>\u200b<\/p>\n\n\n\n<p>F\u00fcr durch den Eintritt von aussergew\u00f6hnlichen und unvorhersehbaren Umst\u00e4nden unm\u00f6glich gemachte termingerechte Lieferung kann Unburnt by Cornelia G\u00fcrtler nicht haftbar gemacht werden, sofern die zumutbare Sorgfalt gegeben war. Wird eine Lieferung durch die oben genannten Umst\u00e4nde unm\u00f6glich, so ist Unburnt by Cornelia G\u00fcrtler von der Erbringung der Leistung freigestellt. Ein Wegfall der Leistungspflicht von Unburnt by Cornelia G\u00fcrtler erfolgt falls m\u00f6glich schriftlich.<\/p>\n\n\n\n<p>\u200b<\/p>\n\n\n\n<p><strong>9. Daten und Datenschutz<\/strong><\/p>\n\n\n\n<p>Die Verarbeitung und Speicherung von Klientendaten erfolgt unter strikter Beachtung datenschutzrechtlicher Bestimmungen.<\/p>\n\n\n\n<p>\u200bUnburnt by Cornelia G\u00fcrtler speichert die bei der Bestellung angegeben Daten in maschinenlesbarer Form und nutzt diese Informationen nur zur Vertragsabwicklung nach den Bestimmungen der zu Grunde liegenden Gesch\u00e4ftsbedingungen.<\/p>\n\n\n\n<p>Die Daten der Klienten werden keinesfalls an Dritte weitergegeben, es sei denn, es ist f\u00fcr die Abwicklung einer Dienstleistung notwendig.<\/p>\n\n\n\n<p>\u200bDie Daten werden unter keinen Umst\u00e4nden verkauft oder sonst wie Dritten zug\u00e4nglich gemacht. Vertrauen wird bei uns grossgeschrieben.<\/p>\n\n\n\n<p>\u200bDer Klient kann jederzeit Auskunft dar\u00fcber verlangen, welche Daten \u00fcber ihn gespeichert sind und wie diese Daten verwendet werden. Auskunftsbegehren k\u00f6nnen direkt an die E-Mailadresse&nbsp;<a href=\"mailto:info@unburnt.ch\">info@unburnt.ch<\/a>&nbsp;gesendet werden.<\/p>\n\n\n\n<p>Der Nutzer gew\u00e4hrleistet die inhaltliche Richtigkeit, der dem Betreiber \u00fcbermittelten Daten, die \u00dcbereinstimmung mit Gesetz und den Rechten Dritter sowie den guten Sitten.<\/p>\n\n\n\n<p>\u200bDie Nutzung der im Rahmen des Impressums oder vergleichbarer Angaben ver\u00f6ffentlichten Kontaktdaten wie Postanschriften, Telefonnummern sowie Emailadressen durch Dritte zur \u00dcbersendung von nicht ausdr\u00fccklich angeforderten Informationen ist nicht gestattet. Rechtliche Schritte gegen die Versender von sogenannten Spam-Mails bei Verst\u00f6ssen gegen dieses Verbot sind ausdr\u00fccklich vorbehalten.<\/p>\n\n\n\n<p>\u200b<\/p>\n\n\n\n<p><strong>10. Gerichtsstand \/ Anwendbares Recht<\/strong><\/p>\n\n\n\n<p>F\u00fcr allf\u00e4llige Streitigkeiten zwischen Unburnt by Cornelia G\u00fcrtler und dessen Klienten bzw. Nutzern gilt stets das Schweizer Recht, als Gerichtsstand gilt ausschliesslich das Bezirksgericht Z\u00fcrich im Kanton Z\u00fcrich.<\/p>\n\n\n\n<p>\u200b<\/p>\n\n\n\n<p>Z\u00fcrich, 20. Oktober 2025<\/p>","protected":false},"excerpt":{"rendered":"<p>Allgemeine Gesch\u00e4ftsbedingungen AGB 1. Allgemein Mit der m\u00fcndlichen oder schriftlichen Bestellung anerkennt der Kunde, nachfolgend aufgrund der vereinfachten Leserlichkeit Klient genannt, die Verbindlichkeit aller nachstehenden Bedingungen. Anders lautende Lieferungs-, Zahlungs- oder Einkaufsbedingungen als die vorliegenden haben nur dann G\u00fcltigkeit, wenn sie von uns best\u00e4tigt sind. Unsere Bedingungen gelten auch f\u00fcr alle zuk\u00fcnftigen Gesch\u00e4fte mit demselben [&hellip;]<\/p>\n","protected":false},"author":1,"featured_media":0,"parent":0,"menu_order":0,"comment_status":"closed","ping_status":"closed","template":"","meta":{"_et_pb_use_builder":"off","_et_pb_old_content":"","_et_gb_content_width":"","footnotes":""},"class_list":["post-580","page","type-page","status-publish","hentry"],"yoast_head":"<!-- This site is optimized with the Yoast SEO plugin v27.5 - https:\/\/yoast.com\/product\/yoast-seo-wordpress\/ -->\n<title>AGB - unburnt<\/title>\n<meta name=\"robots\" content=\"noindex, nofollow\" \/>\n<meta property=\"og:locale\" content=\"en_US\" \/>\n<meta property=\"og:type\" content=\"article\" \/>\n<meta property=\"og:title\" content=\"AGB - unburnt\" \/>\n<meta property=\"og:description\" content=\"Allgemeine Gesch\u00e4ftsbedingungen AGB 1. Allgemein Mit der m\u00fcndlichen oder schriftlichen Bestellung anerkennt der Kunde, nachfolgend aufgrund der vereinfachten Leserlichkeit Klient genannt, die Verbindlichkeit aller nachstehenden Bedingungen. Anders lautende Lieferungs-, Zahlungs- oder Einkaufsbedingungen als die vorliegenden haben nur dann G\u00fcltigkeit, wenn sie von uns best\u00e4tigt sind. Unsere Bedingungen gelten auch f\u00fcr alle zuk\u00fcnftigen Gesch\u00e4fte mit demselben [&hellip;]\" \/>\n<meta property=\"og:url\" content=\"https:\/\/unburnt.ch\/en\/agb\/\" \/>\n<meta property=\"og:site_name\" content=\"unburnt\" \/>\n<meta property=\"article:modified_time\" content=\"2025-10-20T10:30:45+00:00\" \/>\n<meta name=\"twitter:card\" content=\"summary_large_image\" \/>\n<meta name=\"twitter:label1\" content=\"Est. reading time\" \/>\n\t<meta name=\"twitter:data1\" content=\"9 minutes\" \/>\n<script type=\"application\/ld+json\" class=\"yoast-schema-graph\">{\"@context\":\"https:\\\/\\\/schema.org\",\"@graph\":[{\"@type\":\"WebPage\",\"@id\":\"https:\\\/\\\/unburnt.ch\\\/agb\\\/\",\"url\":\"https:\\\/\\\/unburnt.ch\\\/agb\\\/\",\"name\":\"AGB - unburnt\",\"isPartOf\":{\"@id\":\"https:\\\/\\\/unburnt.ch\\\/#website\"},\"datePublished\":\"2025-10-20T10:29:22+00:00\",\"dateModified\":\"2025-10-20T10:30:45+00:00\",\"breadcrumb\":{\"@id\":\"https:\\\/\\\/unburnt.ch\\\/agb\\\/#breadcrumb\"},\"inLanguage\":\"en-US\",\"potentialAction\":[{\"@type\":\"ReadAction\",\"target\":[\"https:\\\/\\\/unburnt.ch\\\/agb\\\/\"]}]},{\"@type\":\"BreadcrumbList\",\"@id\":\"https:\\\/\\\/unburnt.ch\\\/agb\\\/#breadcrumb\",\"itemListElement\":[{\"@type\":\"ListItem\",\"position\":1,\"name\":\"Startseite\",\"item\":\"https:\\\/\\\/unburnt.ch\\\/\"},{\"@type\":\"ListItem\",\"position\":2,\"name\":\"AGB\"}]},{\"@type\":\"WebSite\",\"@id\":\"https:\\\/\\\/unburnt.ch\\\/#website\",\"url\":\"https:\\\/\\\/unburnt.ch\\\/\",\"name\":\"unburnt\",\"description\":\"\",\"potentialAction\":[{\"@type\":\"SearchAction\",\"target\":{\"@type\":\"EntryPoint\",\"urlTemplate\":\"https:\\\/\\\/unburnt.ch\\\/?s={search_term_string}\"},\"query-input\":{\"@type\":\"PropertyValueSpecification\",\"valueRequired\":true,\"valueName\":\"search_term_string\"}}],\"inLanguage\":\"en-US\"}]}<\/script>\n<!-- \/ Yoast SEO plugin. -->","yoast_head_json":{"title":"AGB - unburnt","robots":{"index":"noindex","follow":"nofollow"},"og_locale":"en_US","og_type":"article","og_title":"AGB - unburnt","og_description":"Allgemeine Gesch\u00e4ftsbedingungen AGB 1. Allgemein Mit der m\u00fcndlichen oder schriftlichen Bestellung anerkennt der Kunde, nachfolgend aufgrund der vereinfachten Leserlichkeit Klient genannt, die Verbindlichkeit aller nachstehenden Bedingungen. Anders lautende Lieferungs-, Zahlungs- oder Einkaufsbedingungen als die vorliegenden haben nur dann G\u00fcltigkeit, wenn sie von uns best\u00e4tigt sind. Unsere Bedingungen gelten auch f\u00fcr alle zuk\u00fcnftigen Gesch\u00e4fte mit demselben [&hellip;]","og_url":"https:\/\/unburnt.ch\/en\/agb\/","og_site_name":"unburnt","article_modified_time":"2025-10-20T10:30:45+00:00","twitter_card":"summary_large_image","twitter_misc":{"Est. reading time":"9 minutes"},"schema":{"@context":"https:\/\/schema.org","@graph":[{"@type":"WebPage","@id":"https:\/\/unburnt.ch\/agb\/","url":"https:\/\/unburnt.ch\/agb\/","name":"AGB - unburnt","isPartOf":{"@id":"https:\/\/unburnt.ch\/#website"},"datePublished":"2025-10-20T10:29:22+00:00","dateModified":"2025-10-20T10:30:45+00:00","breadcrumb":{"@id":"https:\/\/unburnt.ch\/agb\/#breadcrumb"},"inLanguage":"en-US","potentialAction":[{"@type":"ReadAction","target":["https:\/\/unburnt.ch\/agb\/"]}]},{"@type":"BreadcrumbList","@id":"https:\/\/unburnt.ch\/agb\/#breadcrumb","itemListElement":[{"@type":"ListItem","position":1,"name":"Startseite","item":"https:\/\/unburnt.ch\/"},{"@type":"ListItem","position":2,"name":"AGB"}]},{"@type":"WebSite","@id":"https:\/\/unburnt.ch\/#website","url":"https:\/\/unburnt.ch\/","name":"unburnt","description":"","potentialAction":[{"@type":"SearchAction","target":{"@type":"EntryPoint","urlTemplate":"https:\/\/unburnt.ch\/?s={search_term_string}"},"query-input":{"@type":"PropertyValueSpecification","valueRequired":true,"valueName":"search_term_string"}}],"inLanguage":"en-US"}]}},"jetpack_sharing_enabled":true,"_links":{"self":[{"href":"https:\/\/unburnt.ch\/en\/wp-json\/wp\/v2\/pages\/580","targetHints":{"allow":["GET"]}}],"collection":[{"href":"https:\/\/unburnt.ch\/en\/wp-json\/wp\/v2\/pages"}],"about":[{"href":"https:\/\/unburnt.ch\/en\/wp-json\/wp\/v2\/types\/page"}],"author":[{"embeddable":true,"href":"https:\/\/unburnt.ch\/en\/wp-json\/wp\/v2\/users\/1"}],"replies":[{"embeddable":true,"href":"https:\/\/unburnt.ch\/en\/wp-json\/wp\/v2\/comments?post=580"}],"version-history":[{"count":0,"href":"https:\/\/unburnt.ch\/en\/wp-json\/wp\/v2\/pages\/580\/revisions"}],"wp:attachment":[{"href":"https:\/\/unburnt.ch\/en\/wp-json\/wp\/v2\/media?parent=580"}],"curies":[{"name":"wp","href":"https:\/\/api.w.org\/{rel}","templated":true}]}}